{"id":7004,"date":"2020-11-29T14:39:24","date_gmt":"2020-11-29T14:39:24","guid":{"rendered":"https:\/\/www.vfconsultinggroup.com\/consultoria-y-gestion\/"},"modified":"2020-11-30T16:35:43","modified_gmt":"2020-11-30T16:35:43","slug":"consultoria-y-gestion","status":"publish","type":"page","link":"https:\/\/www.vfconsultinggroup.com\/es\/consultoria-y-gestion\/","title":{"rendered":"Consultor\u00eda y Gesti\u00f3n"},"content":{"rendered":"\t\t<div data-elementor-type=\"wp-page\" data-elementor-id=\"7004\" class=\"elementor elementor-7004 elementor-4960\">\n\t\t\t\t\t\t<section class=\"has_eae_slider elementor-section elementor-top-section elementor-element elementor-element-3a23bdf6 eltdf-content-aligment-center elementor-section-boxed elementor-section-height-default elementor-section-height-default eltdf-parallax-row-no eltdf-elementor-row-grid-no eltdf-disabled-bg-image-bellow-no\" data-eae-slider=\"18434\" data-id=\"3a23bdf6\" data-element_type=\"section\">\n\t\t\t\t\t\t<div class=\"elementor-container elementor-column-gap-default\">\n\t\t\t\t\t<div class=\"has_eae_slider elementor-column elementor-col-100 elementor-top-column elementor-element elementor-element-10624bc9\" data-eae-slider=\"14169\" data-id=\"10624bc9\" data-element_type=\"column\">\n\t\t\t<div class=\"elementor-widget-wrap elementor-element-populated\">\n\t\t\t\t\t\t<div class=\"elementor-element elementor-element-e07c5e2 elementor-widget-tablet__width-auto elementor-fixed elementor-widget elementor-widget-image\" data-id=\"e07c5e2\" data-element_type=\"widget\" data-settings=\"{&quot;_position&quot;:&quot;fixed&quot;}\" data-widget_type=\"image.default\">\n\t\t\t\t\t\t\t\t\t\t\t\t\t\t\t<img fetchpriority=\"high\" decoding=\"async\" width=\"95\" height=\"576\" src=\"https:\/\/www.vfconsultinggroup.com\/wp-content\/uploads\/2020\/07\/logotipo-white-vert.png\" class=\"attachment-2048x2048 size-2048x2048 wp-image-4871\" alt=\"\" \/>\t\t\t\t\t\t\t\t\t\t\t\t\t\t\t<\/div>\n\t\t\t\t\t<\/div>\n\t\t<\/div>\n\t\t\t\t\t<\/div>\n\t\t<\/section>\n\t\t\t\t<section data-angle=\"-45deg\" data-color=\"rgba(153, 51, 51, 0.34),rgba(47, 63, 73, 0.4)\" class=\"has_eae_slider elementor-section elementor-top-section elementor-element elementor-element-21cc209c elementor-section-content-middle elementor-section-stretched eae-animated-gradient-yes elementor-section-boxed elementor-section-height-default elementor-section-height-default eltdf-parallax-row-no eltdf-content-aligment-left eltdf-elementor-row-grid-no eltdf-disabled-bg-image-bellow-no\" data-eae-slider=\"73123\" data-id=\"21cc209c\" data-element_type=\"section\" data-settings=\"{&quot;background_background&quot;:&quot;classic&quot;,&quot;stretch_section&quot;:&quot;section-stretched&quot;}\">\n\t\t\t\t\t\t<div class=\"elementor-container elementor-column-gap-narrow\">\n\t\t\t\t\t<div class=\"has_eae_slider elementor-column elementor-col-50 elementor-top-column elementor-element elementor-element-45eb85ed\" data-eae-slider=\"10647\" data-id=\"45eb85ed\" data-element_type=\"column\">\n\t\t\t<div class=\"elementor-widget-wrap elementor-element-populated\">\n\t\t\t\t\t\t<div class=\"elementor-element elementor-element-165f7fbe elementor-widget elementor-widget-heading\" data-id=\"165f7fbe\" data-element_type=\"widget\" data-widget_type=\"heading.default\">\n\t\t\t\t\t<h3 class=\"elementor-heading-title elementor-size-default\">Consultor\u00eda<br>y <br>Gesti\u00f3n<\/h3>\t\t\t\t<\/div>\n\t\t\t\t<div class=\"elementor-element elementor-element-fa89521 e-grid-align-left elementor-shape-rounded elementor-grid-0 elementor-widget elementor-widget-social-icons\" data-id=\"fa89521\" data-element_type=\"widget\" data-widget_type=\"social-icons.default\">\n\t\t\t\t\t\t\t<div class=\"elementor-social-icons-wrapper elementor-grid\" role=\"list\">\n\t\t\t\t\t\t\t<span class=\"elementor-grid-item\" role=\"listitem\">\n\t\t\t\t\t<a class=\"elementor-icon elementor-social-icon elementor-social-icon-facebook-f elementor-animation-grow elementor-repeater-item-1fba67d\" href=\"https:\/\/www.facebook.com\/vfconsult\/\" target=\"_blank\">\n\t\t\t\t\t\t<span class=\"elementor-screen-only\">Facebook-f<\/span>\n\t\t\t\t\t\t<svg aria-hidden=\"true\" class=\"e-font-icon-svg e-fab-facebook-f\" viewBox=\"0 0 320 512\" xmlns=\"http:\/\/www.w3.org\/2000\/svg\"><path d=\"M279.14 288l14.22-92.66h-88.91v-60.13c0-25.35 12.42-50.06 52.24-50.06h40.42V6.26S260.43 0 225.36 0c-73.22 0-121.08 44.38-121.08 124.72v70.62H22.89V288h81.39v224h100.17V288z\"><\/path><\/svg>\t\t\t\t\t<\/a>\n\t\t\t\t<\/span>\n\t\t\t\t\t\t\t<span class=\"elementor-grid-item\" role=\"listitem\">\n\t\t\t\t\t<a class=\"elementor-icon elementor-social-icon elementor-social-icon-twitter elementor-animation-grow elementor-repeater-item-57ad147\" href=\"https:\/\/twitter.com\/vfcgroup\" target=\"_blank\">\n\t\t\t\t\t\t<span class=\"elementor-screen-only\">Twitter<\/span>\n\t\t\t\t\t\t<svg aria-hidden=\"true\" class=\"e-font-icon-svg e-fab-twitter\" viewBox=\"0 0 512 512\" xmlns=\"http:\/\/www.w3.org\/2000\/svg\"><path d=\"M459.37 151.716c.325 4.548.325 9.097.325 13.645 0 138.72-105.583 298.558-298.558 298.558-59.452 0-114.68-17.219-161.137-47.106 8.447.974 16.568 1.299 25.34 1.299 49.055 0 94.213-16.568 130.274-44.832-46.132-.975-84.792-31.188-98.112-72.772 6.498.974 12.995 1.624 19.818 1.624 9.421 0 18.843-1.3 27.614-3.573-48.081-9.747-84.143-51.98-84.143-102.985v-1.299c13.969 7.797 30.214 12.67 47.431 13.319-28.264-18.843-46.781-51.005-46.781-87.391 0-19.492 5.197-37.36 14.294-52.954 51.655 63.675 129.3 105.258 216.365 109.807-1.624-7.797-2.599-15.918-2.599-24.04 0-57.828 46.782-104.934 104.934-104.934 30.213 0 57.502 12.67 76.67 33.137 23.715-4.548 46.456-13.32 66.599-25.34-7.798 24.366-24.366 44.833-46.132 57.827 21.117-2.273 41.584-8.122 60.426-16.243-14.292 20.791-32.161 39.308-52.628 54.253z\"><\/path><\/svg>\t\t\t\t\t<\/a>\n\t\t\t\t<\/span>\n\t\t\t\t\t\t\t<span class=\"elementor-grid-item\" role=\"listitem\">\n\t\t\t\t\t<a class=\"elementor-icon elementor-social-icon elementor-social-icon-linkedin elementor-animation-grow elementor-repeater-item-8bb09ee\" href=\"https:\/\/www.linkedin.com\/company\/vfconsulting\/\" target=\"_blank\">\n\t\t\t\t\t\t<span class=\"elementor-screen-only\">Linkedin<\/span>\n\t\t\t\t\t\t<svg aria-hidden=\"true\" class=\"e-font-icon-svg e-fab-linkedin\" viewBox=\"0 0 448 512\" xmlns=\"http:\/\/www.w3.org\/2000\/svg\"><path d=\"M416 32H31.9C14.3 32 0 46.5 0 64.3v383.4C0 465.5 14.3 480 31.9 480H416c17.6 0 32-14.5 32-32.3V64.3c0-17.8-14.4-32.3-32-32.3zM135.4 416H69V202.2h66.5V416zm-33.2-243c-21.3 0-38.5-17.3-38.5-38.5S80.9 96 102.2 96c21.2 0 38.5 17.3 38.5 38.5 0 21.3-17.2 38.5-38.5 38.5zm282.1 243h-66.4V312c0-24.8-.5-56.7-34.5-56.7-34.6 0-39.9 27-39.9 54.9V416h-66.4V202.2h63.7v29.2h.9c8.9-16.8 30.6-34.5 62.9-34.5 67.2 0 79.7 44.3 79.7 101.9V416z\"><\/path><\/svg>\t\t\t\t\t<\/a>\n\t\t\t\t<\/span>\n\t\t\t\t\t<\/div>\n\t\t\t\t\t\t<\/div>\n\t\t\t\t\t<\/div>\n\t\t<\/div>\n\t\t\t\t<div class=\"has_eae_slider elementor-column elementor-col-50 elementor-top-column elementor-element elementor-element-1d7336f5\" data-eae-slider=\"74582\" data-id=\"1d7336f5\" data-element_type=\"column\">\n\t\t\t<div class=\"elementor-widget-wrap elementor-element-populated\">\n\t\t\t\t\t\t<div class=\"elementor-element elementor-element-6a9648b0 elementor-widget-divider--view-line elementor-widget elementor-widget-divider\" data-id=\"6a9648b0\" data-element_type=\"widget\" data-widget_type=\"divider.default\">\n\t\t\t\t\t\t\t<div class=\"elementor-divider\">\n\t\t\t<span class=\"elementor-divider-separator\">\n\t\t\t\t\t\t<\/span>\n\t\t<\/div>\n\t\t\t\t\t\t<\/div>\n\t\t\t\t<section class=\"has_eae_slider elementor-section elementor-inner-section elementor-element elementor-element-3a6c753a elementor-section-content-middle elementor-reverse-mobile elementor-section-boxed elementor-section-height-default elementor-section-height-default eltdf-parallax-row-no eltdf-content-aligment-left eltdf-elementor-row-grid-no eltdf-disabled-bg-image-bellow-no\" data-eae-slider=\"32758\" data-id=\"3a6c753a\" data-element_type=\"section\">\n\t\t\t\t\t\t<div class=\"elementor-container elementor-column-gap-default\">\n\t\t\t\t\t<div class=\"has_eae_slider elementor-column elementor-col-50 elementor-inner-column elementor-element elementor-element-3a657e75\" data-eae-slider=\"1246\" data-id=\"3a657e75\" data-element_type=\"column\">\n\t\t\t<div class=\"elementor-widget-wrap elementor-element-populated\">\n\t\t\t\t\t\t<div class=\"elementor-element elementor-element-644fd207 elementor-widget elementor-widget-text-editor\" data-id=\"644fd207\" data-element_type=\"widget\" data-widget_type=\"text-editor.default\">\n\t\t\t\t\t\t\t\t\t<p>En consultor\u00eda de gesti\u00f3n ofrecemos a los clientes, en r\u00e9gimen de subcontrataci\u00f3n, servicios profesionales dedicados y proactivos, con tecnolog\u00edas innovadoras y en estrecha colaboraci\u00f3n con las empresas, a fin de permitirles una concentraci\u00f3n total en la gesti\u00f3n de sus principales negocios y, en consecuencia, en la aumento de la productividad y la competitividad.<\/p>\n\t\t\t\t\t\t\t\t<\/div>\n\t\t\t\t\t<\/div>\n\t\t<\/div>\n\t\t\t\t<div class=\"has_eae_slider elementor-column elementor-col-50 elementor-inner-column elementor-element elementor-element-2cdde23e elementor-hidden-phone\" data-eae-slider=\"96831\" data-id=\"2cdde23e\" data-element_type=\"column\">\n\t\t\t<div class=\"elementor-widget-wrap elementor-element-populated\">\n\t\t\t\t\t\t<div class=\"elementor-element elementor-element-6760b567 elementor-widget elementor-widget-heading\" data-id=\"6760b567\" data-element_type=\"widget\" data-widget_type=\"heading.default\">\n\t\t\t\t\t<h4 class=\"elementor-heading-title elementor-size-default\">2\n<\/br>1<\/h4>\t\t\t\t<\/div>\n\t\t\t\t<div class=\"elementor-element elementor-element-10723198 elementor-widget elementor-widget-text-editor\" data-id=\"10723198\" data-element_type=\"widget\" data-widget_type=\"text-editor.default\">\n\t\t\t\t\t\t\t\t\t<p style=\"text-align: center;\">a\u00f1os<\/p>\n\t\t\t\t\t\t\t\t<\/div>\n\t\t\t\t\t<\/div>\n\t\t<\/div>\n\t\t\t\t\t<\/div>\n\t\t<\/section>\n\t\t\t\t\t<\/div>\n\t\t<\/div>\n\t\t\t\t\t<\/div>\n\t\t<\/section>\n\t\t<div class=\"eltdf-elementor-row-with-pattern\"><div class=\"eltdf-svg-pattern-holder eltdf-pattern-position-right\" style=\"right: -15%;transform: translateY(10%)\"><svg version=\"1.1\" id=\"Layer_1\" xmlns=\"http:\/\/www.w3.org\/2000\/svg\" xmlns:xlink=\"http:\/\/www.w3.org\/1999\/xlink\" x=\"0px\" y=\"0px\"\n\t width=\"350px\" height=\"350px\" viewBox=\"0 0 303.083 305.563\" enable-background=\"new 0 0 303.083 305.563\"\n\t xml:space=\"preserve\">\n<path fill=\"none\" stroke=\"red\" stroke-width=\"1.4\" stroke-miterlimit=\"10\" d=\"M36.927,251.827L1.428,190.62L72.426,67.954\n\tL53.591,35.415 M36.927,251.827l35.499-61.207L12.86,87.705 M107.925,6.621l35.499,61.333L72.426,190.62l65.733,113.572\n\t M85.728,290.305l57.696-99.685L72.426,67.954l35.47-61.282 M176.85,3.041l37.572,64.913L143.424,190.62l60.398,104.352\n\t M148.419,304.655l66.003-114.035L143.424,67.954L180.614,3.7 M281.166,75.306L214.422,190.62l41.37,71.478 M233.9,279.635\n\tl51.521-89.015L214.422,67.954l23.047-39.817 M302.023,161.937L285.42,190.62l7.581,13.098 M96.143,10.63v16.348 M60.644,88.311\n\tV70.871L44.853,43.219 M25.145,149.644v-17.439L7.325,101 M60.644,210.977v-17.439l-23.712-41.521L13.21,193.594v17.383\n\t M96.143,272.31V254.87l-23.712-41.521l-23.722,41.578v10.798 M123.73,302.348l-15.8-27.666L96.429,294.84 M192.572,298.572\n\tl-13.644-23.891l-16.852,29.537 M167.102,272.31V254.87l-23.712-41.521l-23.722,41.578v17.383 M238.139,272.31V254.87\n\tl-23.712-41.521l-23.722,41.578v17.383 M287.81,217.524l-2.385-4.176l-23.722,41.578v1.114 M131.642,210.977v-17.439l-23.712-41.521\n\tl-23.722,41.578v17.383 M202.64,210.977v-17.439l-23.712-41.521l-23.722,41.578v17.383 M273.638,210.977v-17.439l-23.712-41.521\n\tl-23.722,41.578v17.383 M96.143,149.644v-17.439L72.431,90.683l-23.722,41.578v17.383 M167.102,149.644v-17.439L143.39,90.683\n\tl-23.722,41.578v17.383 M238.139,149.644v-17.439l-23.712-41.521l-23.722,41.578v17.383 M295.99,109.182l-10.564-18.499\n\tl-23.722,41.578v17.383 M131.642,88.311V70.871L107.93,29.35L84.208,70.928v17.383 M202.64,88.311V70.871L178.928,29.35\n\tl-23.722,41.578v17.383 M273.638,88.311V70.871l-12.967-22.705 M246.644,35.104l-20.439,35.824v17.383 M167.141,26.978V9.538\n\tl-4.791-8.391 M123.446,3.043l-3.738,6.552v17.383 M192.453,6.533l-1.747,3.062v17.383 M84.248,15.75v31.78 M60.605,47.53V29.963\n\t M48.749,108.863V73.93L36.929,53.236L25.106,73.959v34.904 M13.25,170.196v-34.934L2.607,116.629 M48.749,231.529v-34.934\n\tl-11.819-20.693l-11.823,20.723v34.904 M84.248,289.6v-31.671l-11.819-20.693l-11.823,20.723v17.433 M180.675,301.633l-1.75-3.064\n\tl-2.172,3.805 M155.246,292.862v-34.934l-11.819-20.693l-11.823,20.723v34.904 M226.244,284.372v-26.443l-11.819-20.693\n\tl-11.823,20.723v34.904 M119.747,231.529v-34.934l-11.819-20.693l-11.823,20.723v34.904 M190.745,231.529v-34.934l-11.819-20.693\n\tl-11.823,20.723v34.904 M261.743,231.529v-34.934l-11.819-20.693L238.1,196.625v34.904 M84.248,170.196v-34.934l-11.819-20.693\n\tl-11.823,20.723v34.904 M155.207,170.196v-34.934l-11.819-20.693l-11.823,20.723v34.904 M226.244,170.196v-34.934l-11.819-20.693\n\tl-11.823,20.723v34.904 M297.242,170.196v-34.934l-11.819-20.693l-11.823,20.723v34.904 M119.747,108.863V73.93l-11.819-20.693\n\tL96.104,73.959v34.904 M190.745,108.863V73.93l-11.819-20.693l-11.823,20.723v34.904 M261.743,108.863V73.93l-11.819-20.693\n\tL238.1,73.959v34.904 M155.246,47.53V12.597L148.445,0.69 M138.147,1.156l-6.544,11.47V47.53 M226.244,20.976V47.53 M203.878,10.387\n\tl-1.277,2.239V47.53 M72.426,22.118v45.836 M36.927,73.112v56.051 M1.428,134.444v56.051 M36.927,195.776v56.051 M72.426,257.104\n\tv26.128 M143.424,257.104v47.4 M214.422,257.104v33.414 M107.925,195.776v56.051 M178.923,195.776v56.051 M249.921,195.776v56.051\n\t M72.426,134.444v56.051 M143.424,134.444v56.051 M214.422,134.444v56.051 M285.42,134.444v56.051 M107.925,73.112v56.051\n\t M178.923,73.112v56.051 M249.921,73.112v56.051 M143.424,11.903v56.051 M214.422,14.818v53.136 M137.838,304.162\"\/>\n<\/svg><\/div>\t\t<section class=\"has_eae_slider elementor-section elementor-top-section elementor-element elementor-element-70c4357f eltdf-elementor-row-grid-section elementor-section-stretched elementor-section-height-min-height elementor-section-boxed elementor-section-height-default elementor-section-items-middle eltdf-parallax-row-no eltdf-content-aligment-left eltdf-disabled-bg-image-bellow-no\" data-eae-slider=\"31331\" data-id=\"70c4357f\" data-element_type=\"section\" data-settings=\"{&quot;stretch_section&quot;:&quot;section-stretched&quot;,&quot;background_background&quot;:&quot;classic&quot;}\">\n\t\t\t\t\t\t<div class=\"elementor-container elementor-column-gap-default\">\n\t\t\t\t\t<div class=\"has_eae_slider elementor-column elementor-col-100 elementor-top-column elementor-element elementor-element-2f8d8bbc\" data-eae-slider=\"25805\" data-id=\"2f8d8bbc\" data-element_type=\"column\">\n\t\t\t<div class=\"elementor-widget-wrap elementor-element-populated\">\n\t\t\t\t\t\t<div class=\"elementor-element elementor-element-7dfa006f elementor-widget elementor-widget-text-editor\" data-id=\"7dfa006f\" data-element_type=\"widget\" data-widget_type=\"text-editor.default\">\n\t\t\t\t\t\t\t\t\t<p>Proporcionamos servicios de informes, a saber, la preparaci\u00f3n de estimaciones futuras; gesti\u00f3n y control presupuestario; dise\u00f1o y elaboraci\u00f3n de mapas y acompa\u00f1amiento. Estos servicios incluyen la ejecuci\u00f3n de contabilidad general y anal\u00edtica; elaboraci\u00f3n de plan de cuentas que responda a necesidades legales y de gesti\u00f3n; llenar y enviar todas las declaraciones de impuestos; control de activos fijos; an\u00e1lisis e informes mensuales \/ peri\u00f3dicos para apoyar la gesti\u00f3n; estados financieros y declaraciones de impuestos de fin de a\u00f1o.<\/p>\n\t\t\t\t\t\t\t\t<\/div>\n\t\t\t\t\t<\/div>\n\t\t<\/div>\n\t\t\t\t\t<\/div>\n\t\t<\/section>\n\t\t<\/div>\t\t<section class=\"has_eae_slider elementor-section elementor-top-section elementor-element elementor-element-133456c8 elementor-section-boxed elementor-section-height-default elementor-section-height-default eltdf-parallax-row-no eltdf-content-aligment-left eltdf-elementor-row-grid-no eltdf-disabled-bg-image-bellow-no\" data-eae-slider=\"25495\" data-id=\"133456c8\" data-element_type=\"section\">\n\t\t\t\t\t\t<div class=\"elementor-container elementor-column-gap-default\">\n\t\t\t\t\t<div class=\"has_eae_slider elementor-column elementor-col-100 elementor-top-column elementor-element elementor-element-76b86bb1\" data-eae-slider=\"57645\" data-id=\"76b86bb1\" data-element_type=\"column\">\n\t\t\t<div class=\"elementor-widget-wrap elementor-element-populated\">\n\t\t\t\t\t\t<div class=\"elementor-element elementor-element-195b680c elementor-widget elementor-widget-heading\" data-id=\"195b680c\" data-element_type=\"widget\" data-widget_type=\"heading.default\">\n\t\t\t\t\t<h5 class=\"elementor-heading-title elementor-size-default\">Distribuci\u00f3n geogr\u00e1fica Porcentaje Clientes Municipio\n<\/h5>\t\t\t\t<\/div>\n\t\t\t\t<div class=\"elementor-element elementor-element-368c639 elementor-widget elementor-widget-image\" data-id=\"368c639\" data-element_type=\"widget\" data-widget_type=\"image.default\">\n\t\t\t\t\t\t\t\t\t\t\t\t\t\t\t<img decoding=\"async\" width=\"2048\" height=\"984\" src=\"https:\/\/www.vfconsultinggroup.com\/wp-content\/uploads\/2020\/09\/dist-geo-2048x984.png\" class=\"attachment-2048x2048 size-2048x2048 wp-image-6999\" alt=\"\" srcset=\"https:\/\/www.vfconsultinggroup.com\/wp-content\/uploads\/2020\/09\/dist-geo-2048x984.png 2048w, https:\/\/www.vfconsultinggroup.com\/wp-content\/uploads\/2020\/09\/dist-geo-300x144.png 300w, https:\/\/www.vfconsultinggroup.com\/wp-content\/uploads\/2020\/09\/dist-geo-1024x492.png 1024w, https:\/\/www.vfconsultinggroup.com\/wp-content\/uploads\/2020\/09\/dist-geo-768x369.png 768w, https:\/\/www.vfconsultinggroup.com\/wp-content\/uploads\/2020\/09\/dist-geo-1536x738.png 1536w\" sizes=\"(max-width: 2048px) 100vw, 2048px\" \/>\t\t\t\t\t\t\t\t\t\t\t\t\t\t\t<\/div>\n\t\t\t\t\t<\/div>\n\t\t<\/div>\n\t\t\t\t\t<\/div>\n\t\t<\/section>\n\t\t\t\t<section class=\"has_eae_slider elementor-section elementor-top-section elementor-element elementor-element-1a897656 elementor-section-boxed elementor-section-height-default elementor-section-height-default eltdf-parallax-row-no eltdf-content-aligment-left eltdf-elementor-row-grid-no eltdf-disabled-bg-image-bellow-no\" data-eae-slider=\"734\" data-id=\"1a897656\" data-element_type=\"section\">\n\t\t\t\t\t\t<div class=\"elementor-container elementor-column-gap-default\">\n\t\t\t\t\t<div class=\"has_eae_slider elementor-column elementor-col-100 elementor-top-column elementor-element elementor-element-24191fb9\" data-eae-slider=\"95112\" data-id=\"24191fb9\" data-element_type=\"column\">\n\t\t\t<div class=\"elementor-widget-wrap elementor-element-populated\">\n\t\t\t\t\t\t<div class=\"elementor-element elementor-element-282183bd elementor-widget__width-auto elementor-widget elementor-widget-eltdf_button\" data-id=\"282183bd\" data-element_type=\"widget\" data-widget_type=\"eltdf_button.default\">\n\t\t\t\t<div class=\"elementor-widget-container\">\n\t\t\t\t\t<a itemprop=\"url\" href=\"https:\/\/www.vfconsultinggroup.com\/es\/servicios\/\" target=\"_self\"  class=\"eltdf-btn eltdf-btn-medium eltdf-btn-outline\"  >\n        <span class=\"eltdf-btn-text\">volver<\/span>\n    <i class=\"eltdf-icon-dripicons dripicon  \" ><\/i>    <\/a>\t\t\t\t<\/div>\n\t\t\t\t<\/div>\n\t\t\t\t\t<\/div>\n\t\t<\/div>\n\t\t\t\t\t<\/div>\n\t\t<\/section>\n\t\t\t\t<\/div>\n\t\t","protected":false},"excerpt":{"rendered":"<p>Consultor\u00eday Gesti\u00f3n Facebook-f Twitter Linkedin En consultor\u00eda de gesti\u00f3n ofrecemos a los clientes, en r\u00e9gimen de subcontrataci\u00f3n, servicios profesionales dedicados y proactivos, con tecnolog\u00edas innovadoras y en estrecha colaboraci\u00f3n con las empresas, a fin de permitirles una concentraci\u00f3n total en [&hellip;]<\/p>\n","protected":false},"author":1,"featured_media":0,"parent":0,"menu_order":3,"comment_status":"closed","ping_status":"closed","template":"","meta":{"footnotes":""},"class_list":["post-7004","page","type-page","status-publish","hentry"],"_links":{"self":[{"href":"https:\/\/www.vfconsultinggroup.com\/es\/wp-json\/wp\/v2\/pages\/7004","targetHints":{"allow":["GET"]}}],"collection":[{"href":"https:\/\/www.vfconsultinggroup.com\/es\/wp-json\/wp\/v2\/pages"}],"about":[{"href":"https:\/\/www.vfconsultinggroup.com\/es\/wp-json\/wp\/v2\/types\/page"}],"author":[{"embeddable":true,"href":"https:\/\/www.vfconsultinggroup.com\/es\/wp-json\/wp\/v2\/users\/1"}],"replies":[{"embeddable":true,"href":"https:\/\/www.vfconsultinggroup.com\/es\/wp-json\/wp\/v2\/comments?post=7004"}],"version-history":[{"count":13,"href":"https:\/\/www.vfconsultinggroup.com\/es\/wp-json\/wp\/v2\/pages\/7004\/revisions"}],"predecessor-version":[{"id":7341,"href":"https:\/\/www.vfconsultinggroup.com\/es\/wp-json\/wp\/v2\/pages\/7004\/revisions\/7341"}],"wp:attachment":[{"href":"https:\/\/www.vfconsultinggroup.com\/es\/wp-json\/wp\/v2\/media?parent=7004"}],"curies":[{"name":"wp","href":"https:\/\/api.w.org\/{rel}","templated":true}]}}