{"id":6971,"date":"2020-11-29T14:18:39","date_gmt":"2020-11-29T14:18:39","guid":{"rendered":"https:\/\/www.vfconsultinggroup.com\/politica-de-privacidad\/"},"modified":"2020-11-29T14:24:00","modified_gmt":"2020-11-29T14:24:00","slug":"politica-de-privacidad","status":"publish","type":"page","link":"https:\/\/www.vfconsultinggroup.com\/es\/politica-de-privacidad\/","title":{"rendered":"Pol\u00edtica de privacidad"},"content":{"rendered":"\t\t<div data-elementor-type=\"wp-page\" data-elementor-id=\"6971\" class=\"elementor elementor-6971 elementor-3\">\n\t\t\t\t\t\t<section class=\"has_eae_slider elementor-section elementor-top-section elementor-element elementor-element-3d7f087 elementor-section-boxed elementor-section-height-default elementor-section-height-default eltdf-parallax-row-no eltdf-content-aligment-left eltdf-elementor-row-grid-no eltdf-disabled-bg-image-bellow-no\" data-eae-slider=\"83113\" data-id=\"3d7f087\" data-element_type=\"section\">\n\t\t\t\t\t\t<div class=\"elementor-container elementor-column-gap-default\">\n\t\t\t\t\t<div class=\"has_eae_slider elementor-column elementor-col-100 elementor-top-column elementor-element elementor-element-57eeedc0\" data-eae-slider=\"71075\" data-id=\"57eeedc0\" data-element_type=\"column\">\n\t\t\t<div class=\"elementor-widget-wrap elementor-element-populated\">\n\t\t\t\t\t\t<div class=\"elementor-element elementor-element-26c9921c elementor-widget elementor-widget-text-editor\" data-id=\"26c9921c\" data-element_type=\"widget\" data-widget_type=\"text-editor.default\">\n\t\t\t\t\t\t\t\t\t<p><strong>Pol\u00edtica de privacidad de<\/strong><strong>VFCONSULTINGGROUP<\/strong><\/p>\n<\/p>\n<p><strong><u>1. Declaraci\u00f3n de privacidad y tratamiento de datos personales<\/u><\/strong><\/p>\n<p>En <strong>VFCONSULTINGGROUP<\/strong>entendemos que el uso de sus datos personales requiere su confianza. Solo utilizaremos sus datos personales para fines claramente identificados y de acuerdo con sus derechos de protecci\u00f3n de datos.<\/p>\n<p>La confidencialidad e integridad de sus datos personales es una de nuestras principales preocupaciones. Esta<u>Pol\u00edtica de Privacidad<\/u>establece c\u00f3mo <strong>Worm, Gest\u00e3o e Consultoria, S.U. Lda EfficientProject Lda y Vitor Fino Consultores Lda<\/strong>, empresas que operan bajo la marca <strong>VFCONSULTINGGROUP<\/strong>utilizan los datos personales de sus clientes y \/ o sus potenciales clientes.<\/p>\n<p>Los usuarios tienen la posibilidad de navegar por la mayor parte del sitio web de <strong>VFCONSULTINGGROUP<\/strong>sin tener que proporcionar informaci\u00f3n personal. Sin embargo, a veces, se necesita informaci\u00f3n para brindar servicios solicitados por usuarios y Clientes.<\/p>\n<p>Esta Declaraci\u00f3n de privacidad y tratamiento de datos personales le ayuda a comprender c\u00f3mo recopilamos, usamos y protegemos sus datos personales cuando visita nuestros sitios web o Wap y cuando, en general, utiliza nuestros servicios y.<\/p>\n<p>Al poner sus datos personales a disposici\u00f3n de <strong>VFCONSULTINGGROUP<\/strong>, el Cliente reconoce y consiente que sean procesados \u200b\u200bde acuerdo con esta Declaraci\u00f3n de Privacidad y Tratamiento de Datos Personales y con las reglas y principios contenidos en los respectivos t\u00e9rminos y condiciones de los servicios utilizados. En esta medida y con respecto al procesamiento de datos personales, el Cliente debe leer esta Declaraci\u00f3n. Si tenemos la intenci\u00f3n de realizar cambios en esta Declaraci\u00f3n, publicaremos esos cambios en esta p\u00e1gina para que pueda consultar el tipo de informaci\u00f3n que recopilamos y c\u00f3mo la usamos.<\/p>\n<p><strong><u>2.Definiciones<\/u><\/strong><\/p>\n<p><strong><u>2.1-\u00bfQu\u00e9 son los datos personales?<\/u><\/strong><\/p>\n<p>Datos personales significa cualquier informaci\u00f3n, de cualquier naturaleza e independientemente de su soporte, incluido el sonido y la imagen, relacionada con una persona f\u00edsica identificada o identificable (sujeto de datos). Una persona identificable es una persona que puede identificarse directa o indirectamente, es decir, por referencia a un n\u00famero de identificaci\u00f3n oa elementos m\u00e1s espec\u00edficos de su identidad f\u00edsica, fisiol\u00f3gica, psicol\u00f3gica, econ\u00f3mica, cultural o social.<\/p>\n<p><strong><u>3. Recopilaci\u00f3n de datos<\/u><\/strong><\/p>\n<p><strong><u>3.1-\u00bfQu\u00e9 datos recopilan y generan la red o los sistemas de<\/u><\/strong><strong><u>VFCONSULTINGGROUP<\/u><\/strong>? <\/p>\n<p>Por lo general, los datos personales recopilados por <strong>VFCONSULTINGGROUP<\/strong>se limitan al nombre, direcci\u00f3n, n\u00famero de tel\u00e9fono o correo electr\u00f3nico, pero se pueden recopilar otros datos necesarios para la prestaci\u00f3n de los servicios.<\/p>\n<p>Tambi\u00e9n se generan datos relacionados con la prestaci\u00f3n de servicios, como datos de tr\u00e1fico y ubicaci\u00f3n. Estos datos son tratados de forma autom\u00e1tica, de conformidad con la legislaci\u00f3n aplicable y las condiciones definidas por la Comisi\u00f3n Nacional de Protecci\u00f3n de Datos (\u201cCNPD\u201d).<\/p>\n<p><strong><u>3.2-\u00bfCu\u00e1ndo se recopilan y generan los datos personales? <\/u><\/strong><\/p>\n<p>Con car\u00e1cter general, se solicitan datos personales cuando: <\/p>\n<ul>\n<li>Si completa sus datos personales y env\u00eda el formulario de consentimiento en esta p\u00e1gina de inicio.<\/li>\n<li>Si el Cliente se suscribe a uno de nuestros servicios.<\/li>\n<\/ul>\n<p><strong>VFCONSULTINGGROUP<\/strong>respeta su derecho a la privacidad y no recopila ninguna informaci\u00f3n personal sobre usted sin su consentimiento previo.<\/p>\n<p>Algunos de los datos personales son obligatorios para prestar el servicio. <strong>VFCONSULTINGGROUP<\/strong>le informar\u00e1 de esta obligaci\u00f3n y en caso de falta de la misma, o suministro incorrecto de los datos requeridos, <strong>VFCONSULTINGGROUP<\/strong>no podr\u00e1 prestarle el servicio contratado. El suministro de datos incorrectos o inexactos es de su exclusiva responsabilidad.<\/p>\n<p><strong><u>3.3-\u00bfCu\u00e1l es la finalidad de la recogida de datos personales?<\/u><\/strong><\/p>\n<p>Por regla general, los datos personales recabados de los Clientes est\u00e1n destinados a la prestaci\u00f3n y facturaci\u00f3n de Servicios, a la gesti\u00f3n y evaluaci\u00f3n de la relaci\u00f3n contractual con el Cliente, a la adecuaci\u00f3n de los servicios a las necesidades e intereses del Cliente, al pago de los servicios de interconexi\u00f3n, a acciones de informaci\u00f3n, marketing o telemarketing de <strong>VFCONSULTINGGROUP<\/strong>, y las empresas que act\u00faan sobre su marca, ya identificadas, al principio.<\/p>\n<p>Sus datos personales tambi\u00e9n ser\u00e1n tratados para dar respuesta a sus preguntas, sugerencias o quejas.<\/p>\n<p><strong><u>3.4-Subcontratistas, comunicaci\u00f3n y transferencia de datos personales<\/u><\/strong><\/p>\n<p>Los datos personales, incluidos datos de tr\u00e1fico, bases de datos, plataformas de servicio y otras operaciones, solo ser\u00e1n utilizados, bajo los t\u00e9rminos y condiciones legalmente definidos, para ser alojados, compartidos y comunicados a las empresas del Grupo <strong>VFCONSULTINGGROUP<\/strong>.<\/p>\n<p>Los datos personales tambi\u00e9n podr\u00e1n ponerse a disposici\u00f3n de los tribunales y otras autoridades competentes, en estricto cumplimiento de lo dispuesto en la ley, especialmente cuando sean necesarios para la resoluci\u00f3n de controversias relativas a la facturaci\u00f3n y para actividades relacionadas con la protecci\u00f3n de la seguridad p\u00fablica, defensa. y seguridad del Estado y prevenci\u00f3n, investigaci\u00f3n o detecci\u00f3n de delitos penales.<\/p>\n<p><strong>VFCONSULTINGGROUP<\/strong> tambi\u00e9n podr\u00e1 recurrir a subcontratistas para la totalidad o parte de las finalidades identificadas anteriormente, as\u00ed como para el mantenimiento, acomodaci\u00f3n y gesti\u00f3n de sus sistemas y equipos inform\u00e1ticos, en los t\u00e9rminos permitidos por la legislaci\u00f3n que regula el tratamiento de datos personales, estando estas entidades obligadas a mantener confidencialidad y para garantizar la seguridad en relaci\u00f3n a los datos del <strong>VFCONSULTINGGROUP<\/strong>al que, a tal efecto, tiene acceso, y no debe utilizar estos datos para ning\u00fan otro fin, ni en beneficio propio, ni relacionarlo con otros datos de los que disponga.<\/p>\n<p>En situaciones en las que los datos del Cliente sean transferidos o alojados en otras empresas del Grupo <strong>VFCONSULTINGGROUP<\/strong>, los niveles de seguridad y protecci\u00f3n no ser\u00e1n inferiores a los proporcionados por <strong>VFCONSULTINGGROUP<\/strong>.<\/p>\n<p><strong><u>3.5-\u00bfCu\u00e1l es el plazo de conservaci\u00f3n de los datos personales?<\/u><\/strong><\/p>\n<p>Sus datos personales se conservan solo por el per\u00edodo de tiempo necesario para brindar el servicio o producto, o para cumplir con obligaciones legales.<\/p>\n<p><strong><u>3.6-Marketing y Telemarketing<\/u><\/strong><\/p>\n<p>Para informar al Cliente sobre nuevos productos y servicios, <strong>VFCONSULTINGGROUP <\/strong>puede utilizar los siguientes m\u00e9todos: Correo o fax, inserci\u00f3n de la informaci\u00f3n en la respectiva factura del servicio, tel\u00e9fono, correo electr\u00f3nico, SMS, MMS o cualquier otro servicio de comunicaciones electr\u00f3nicas, salvo que el cliente si tiene<\/p>\n<p>El Cliente puede rechazar su consentimiento en cualquier momento, simplemente enviando su solicitud a:<\/p>\n<p> <strong>VFCONSULTINGGROUP<\/strong>, A \/ C Responsable de Privacidad Rua \u00c1lvaro Castel\u00f5es n\u00ba 821 &#8211; 3rd room 3, 4450-043 Matosinhos, a la direcci\u00f3n de correo electr\u00f3nico: <strong>Qualidade@vfconsultinggroup.com<\/strong><\/p>\n<p> <\/p>\n<p><strong>4-Derechos del cliente<\/strong><\/p>\n<p><strong><u>4.1-Derecho de acceso, rectificaci\u00f3n, oposici\u00f3n y supresi\u00f3n de datos personales<\/u><\/strong><\/p>\n<p>En los t\u00e9rminos de la legislaci\u00f3n aplicable, se garantiza al Cliente el derecho de acceso a los datos que le conciernen directamente, pudiendo solicitar su correcci\u00f3n o modificaci\u00f3n, contactando con <strong>VFCONSULTINGGROUP <\/strong>a tal efecto.<\/p>\n<p>El Cliente podr\u00e1, en cualquier momento, oponerse al tratamiento de los datos, con excepci\u00f3n de los estrictamente necesarios para la prestaci\u00f3n del servicio, y \/ o requerir la eliminaci\u00f3n de sus datos con fines de marketing o telemarketing o inclusi\u00f3n en listas de suscriptores y servicios. con fines informativos, y debe comunicarse con el <strong>VFCONSULTINGGROUP <\/strong>por escrito o por correo electr\u00f3nico: <strong>qualidade@vfconsultinggroup.com<\/strong><\/p>\n<p><strong><u>4.2-Seguridad de los datos personales<\/u><\/strong><\/p>\n<p>Garantizar la confidencialidad y seguridad de los datos del Cliente es una preocupaci\u00f3n permanente de <strong>VFCONSULTINGGROUP<\/strong>. Debido a que reconoce la sensibilidad de esta informaci\u00f3n, <strong>VFCONSULTINGGROUP <\/strong>ha desarrollado y divulgado a todos sus empleados pol\u00edticas de privacidad y seguridad de datos.<\/p>\n<p>A <strong>VFCONSULTINGGROUP<\/strong> designou tamb\u00e9m um Respons\u00e1vel pela Privacidade Privacy Officer, para acompanhar o cumprimento destas pol\u00edticas e definiu regras claras de contratualiza\u00e7\u00e3o do tratamento de dados pessoais com os subcontratantes.<\/p>\n<p>Con el fin de asegurar la conciencia permanente de sus empleados y prestadores de servicios sobre la normativa aplicable a la protecci\u00f3n de datos, <strong>VFCONSULTINGGROUP<\/strong>desarrolla peri\u00f3dicamente acciones formativas con estas personas, habiendo, igualmente, elaborado y publicado un manual de normas aplicables al secreto profesional;<\/p>\n<p>Los empleados de <strong>VFCONSULTINGGROUP<\/strong>, as\u00ed como quienes le prestan servicios, tambi\u00e9n se comprometen a no revelar a terceros o utilizar con fines contrarios a la ley, cualquier informaci\u00f3n personal de los Clientes de <strong>VFCONSULTINGGROUP<\/strong>cuyo conocimiento provenga del ejercicio de sus funciones.<\/p>\n<p><strong>VFCONSULTINGGROUP<\/strong> se compromete a respetar la legislaci\u00f3n sobre protecci\u00f3n de la privacidad de los datos del Cliente y a tratar estos datos \u00fanicamente para los fines para los que fueron recabados, as\u00ed como a asegurar que estos datos sean tratados con niveles adecuados de seguridad y confidencialidad, de conformidad con legislaci\u00f3n aplicable y condiciones establecidas por la CNPD.<\/p>\n<p>A pesar de <strong>VFCONSULTINGGROUP<\/strong> al contar con medidas de seguridad para recibir datos a trav\u00e9s de Internet, advertimos que los datos que circulan en Internet no est\u00e1n completamente protegidos contra posibles desv\u00edos, con la comunicaci\u00f3n de contrase\u00f1as de acceso, contrase\u00f1as, c\u00f3digos confidenciales y cualquier informaci\u00f3n sensible realizada. bajo la exclusiva responsabilidad del Cliente.<\/p>\n\t\t\t\t\t\t\t\t<\/div>\n\t\t\t\t\t<\/div>\n\t\t<\/div>\n\t\t\t\t\t<\/div>\n\t\t<\/section>\n\t\t\t\t<\/div>\n\t\t","protected":false},"excerpt":{"rendered":"<p>Pol\u00edtica de privacidad deVFCONSULTINGGROUP 1. Declaraci\u00f3n de privacidad y tratamiento de datos personales En VFCONSULTINGGROUPentendemos que el uso de sus datos personales requiere su confianza. Solo utilizaremos sus datos personales para fines claramente identificados y de acuerdo con sus derechos [&hellip;]<\/p>\n","protected":false},"author":1,"featured_media":0,"parent":0,"menu_order":0,"comment_status":"closed","ping_status":"closed","template":"","meta":{"footnotes":""},"class_list":["post-6971","page","type-page","status-publish","hentry"],"_links":{"self":[{"href":"https:\/\/www.vfconsultinggroup.com\/es\/wp-json\/wp\/v2\/pages\/6971","targetHints":{"allow":["GET"]}}],"collection":[{"href":"https:\/\/www.vfconsultinggroup.com\/es\/wp-json\/wp\/v2\/pages"}],"about":[{"href":"https:\/\/www.vfconsultinggroup.com\/es\/wp-json\/wp\/v2\/types\/page"}],"author":[{"embeddable":true,"href":"https:\/\/www.vfconsultinggroup.com\/es\/wp-json\/wp\/v2\/users\/1"}],"replies":[{"embeddable":true,"href":"https:\/\/www.vfconsultinggroup.com\/es\/wp-json\/wp\/v2\/comments?post=6971"}],"version-history":[{"count":4,"href":"https:\/\/www.vfconsultinggroup.com\/es\/wp-json\/wp\/v2\/pages\/6971\/revisions"}],"predecessor-version":[{"id":6978,"href":"https:\/\/www.vfconsultinggroup.com\/es\/wp-json\/wp\/v2\/pages\/6971\/revisions\/6978"}],"wp:attachment":[{"href":"https:\/\/www.vfconsultinggroup.com\/es\/wp-json\/wp\/v2\/media?parent=6971"}],"curies":[{"name":"wp","href":"https:\/\/api.w.org\/{rel}","templated":true}]}}