{"id":6957,"date":"2020-11-28T17:38:37","date_gmt":"2020-11-28T17:38:37","guid":{"rendered":"https:\/\/www.vfconsultinggroup.com\/servicios\/"},"modified":"2025-11-22T17:27:35","modified_gmt":"2025-11-22T17:27:35","slug":"servicios","status":"publish","type":"page","link":"https:\/\/www.vfconsultinggroup.com\/es\/servicios\/","title":{"rendered":"Servicios"},"content":{"rendered":"\t\t<div data-elementor-type=\"wp-page\" data-elementor-id=\"6957\" class=\"elementor elementor-6957 elementor-5151\">\n\t\t\t\t\t\t<section class=\"has_eae_slider elementor-section elementor-top-section elementor-element elementor-element-bff434c eltdf-content-aligment-center elementor-section-boxed elementor-section-height-default elementor-section-height-default eltdf-parallax-row-no eltdf-elementor-row-grid-no eltdf-disabled-bg-image-bellow-no\" data-eae-slider=\"39783\" data-id=\"bff434c\" data-element_type=\"section\">\n\t\t\t\t\t\t<div class=\"elementor-container elementor-column-gap-default\">\n\t\t\t\t\t<div class=\"has_eae_slider elementor-column elementor-col-100 elementor-top-column elementor-element elementor-element-14eeb292\" data-eae-slider=\"82776\" data-id=\"14eeb292\" data-element_type=\"column\">\n\t\t\t<div class=\"elementor-widget-wrap elementor-element-populated\">\n\t\t\t\t\t\t<div class=\"elementor-element elementor-element-a7d172d elementor-widget elementor-widget-spacer\" data-id=\"a7d172d\" data-element_type=\"widget\" data-widget_type=\"spacer.default\">\n\t\t\t\t\t\t\t<div class=\"elementor-spacer\">\n\t\t\t<div class=\"elementor-spacer-inner\"><\/div>\n\t\t<\/div>\n\t\t\t\t\t\t<\/div>\n\t\t\t\t\t<\/div>\n\t\t<\/div>\n\t\t\t\t\t<\/div>\n\t\t<\/section>\n\t\t\t\t<section data-eae-particle=\"{\n  &quot;particles&quot;: {\n    &quot;number&quot;: {\n      &quot;value&quot;: 80,\n      &quot;density&quot;: {\n        &quot;enable&quot;: true,\n        &quot;value_area&quot;: 800\n      }\n    },\n    &quot;color&quot;: {\n      &quot;value&quot;: &quot;#ffffff&quot;\n    },\n    &quot;shape&quot;: {\n      &quot;type&quot;: &quot;circle&quot;,\n      &quot;stroke&quot;: {\n        &quot;width&quot;: 0,\n        &quot;color&quot;: &quot;#000000&quot;\n      },\n      &quot;polygon&quot;: {\n        &quot;nb_sides&quot;: 5\n      },\n      &quot;image&quot;: {\n        &quot;src&quot;: &quot;img\/github.svg&quot;,\n        &quot;width&quot;: 100,\n        &quot;height&quot;: 100\n      }\n    },\n    &quot;opacity&quot;: {\n      &quot;value&quot;: 0.5,\n      &quot;random&quot;: false,\n      &quot;anim&quot;: {\n        &quot;enable&quot;: false,\n        &quot;speed&quot;: 1,\n        &quot;opacity_min&quot;: 0.1,\n        &quot;sync&quot;: false\n      }\n    },\n    &quot;size&quot;: {\n      &quot;value&quot;: 3,\n      &quot;random&quot;: true,\n      &quot;anim&quot;: {\n        &quot;enable&quot;: false,\n        &quot;speed&quot;: 40,\n        &quot;size_min&quot;: 0.1,\n        &quot;sync&quot;: false\n      }\n    },\n    &quot;line_linked&quot;: {\n      &quot;enable&quot;: true,\n      &quot;distance&quot;: 150,\n      &quot;color&quot;: &quot;#ffffff&quot;,\n      &quot;opacity&quot;: 0.4,\n      &quot;width&quot;: 1\n    },\n    &quot;move&quot;: {\n      &quot;enable&quot;: true,\n      &quot;speed&quot;: 6,\n      &quot;direction&quot;: &quot;none&quot;,\n      &quot;random&quot;: false,\n      &quot;straight&quot;: false,\n      &quot;out_mode&quot;: &quot;out&quot;,\n      &quot;bounce&quot;: false,\n      &quot;attract&quot;: {\n        &quot;enable&quot;: false,\n        &quot;rotateX&quot;: 600,\n        &quot;rotateY&quot;: 1200\n      }\n    }\n  },\n  &quot;interactivity&quot;: {\n    &quot;detect_on&quot;: &quot;canvas&quot;,\n    &quot;events&quot;: {\n      &quot;onhover&quot;: {\n        &quot;enable&quot;: true,\n        &quot;mode&quot;: &quot;repulse&quot;\n      },\n      &quot;onclick&quot;: {\n        &quot;enable&quot;: true,\n        &quot;mode&quot;: &quot;push&quot;\n      },\n      &quot;resize&quot;: true\n    },\n    &quot;modes&quot;: {\n      &quot;grab&quot;: {\n        &quot;distance&quot;: 400,\n        &quot;line_linked&quot;: {\n          &quot;opacity&quot;: 1\n        }\n      },\n      &quot;bubble&quot;: {\n        &quot;distance&quot;: 400,\n        &quot;size&quot;: 40,\n        &quot;duration&quot;: 2,\n        &quot;opacity&quot;: 8,\n        &quot;speed&quot;: 3\n      },\n      &quot;repulse&quot;: {\n        &quot;distance&quot;: 200,\n        &quot;duration&quot;: 0.4\n      },\n      &quot;push&quot;: {\n        &quot;particles_nb&quot;: 4\n      },\n      &quot;remove&quot;: {\n        &quot;particles_nb&quot;: 2\n      }\n    }\n  },\n  &quot;retina_detect&quot;: true\n}\" class=\"has_eae_slider elementor-section elementor-top-section elementor-element elementor-element-654f55e6 eae-particle-yes elementor-section-stretched elementor-section-height-min-height elementor-section-boxed elementor-section-height-default elementor-section-items-middle eltdf-parallax-row-no eltdf-content-aligment-left eltdf-elementor-row-grid-no eltdf-disabled-bg-image-bellow-no\" data-eae-slider=\"61065\" data-id=\"654f55e6\" data-element_type=\"section\" data-settings=\"{&quot;stretch_section&quot;:&quot;section-stretched&quot;}\">\n\t\t\t\t\t\t<div class=\"elementor-container elementor-column-gap-default\">\n\t\t\t\t\t<div class=\"has_eae_slider elementor-column elementor-col-20 elementor-top-column elementor-element elementor-element-c4ba928\" data-eae-slider=\"7497\" data-id=\"c4ba928\" data-element_type=\"column\">\n\t\t\t<div class=\"elementor-widget-wrap elementor-element-populated\">\n\t\t\t\t\t\t<div class=\"elementor-element elementor-element-6197025 elementor-flip-box--direction-right elementor-flip-box--effect-flip elementor-widget elementor-widget-flip-box\" data-id=\"6197025\" data-element_type=\"widget\" data-widget_type=\"flip-box.default\">\n\t\t\t\t<div class=\"elementor-widget-container\">\n\t\t\t\t\t\t\t<div class=\"elementor-flip-box\">\n\t\t\t<div class=\"elementor-flip-box__layer elementor-flip-box__front\">\n\t\t\t\t<div class=\"elementor-flip-box__layer__overlay\">\n\t\t\t\t\t<div class=\"elementor-flip-box__layer__inner\">\n\t\t\t\t\t\t\n\t\t\t\t\t\t\t\t\t\t\t\t\t<h3 class=\"elementor-flip-box__layer__title\">\n\t\t\t\t\t\t\t\tAn\u00e1lisis de inversiones\t\t\t\t\t\t\t<\/h3>\n\t\t\t\t\t\t\n\t\t\t\t\t\t\t\t\t\t\t<\/div>\n\t\t\t\t<\/div>\n\t\t\t<\/div>\n\t\t\t<div class=\"elementor-flip-box__layer elementor-flip-box__back\">\n\t\t\t<div class=\"elementor-flip-box__layer__overlay\">\n\t\t\t\t<div class=\"elementor-flip-box__layer__inner\">\n\t\t\t\t\t\n\t\t\t\t\t\t\t\t\t\t\t<div class=\"elementor-flip-box__layer__description\">\n\t\t\t\t\t\t\tTrabajamos en alianza con nuestros clientes para el \u00e9xito mutuo, con el objetivo de maximizar la rentabilidad de los negocios y operaciones realizadas. \n\t\t\t\t\t\t<\/div>\n\t\t\t\t\t\n\t\t\t\t\t\t\t\t\t\t\t<a class=\"elementor-flip-box__button elementor-button elementor-size-xs\" href=\"https:\/\/www.vfconsultinggroup.com\/es\/analisis-y-gestion\/\">\n\t\t\t\t\t\t\tVer m\u00e1s\t\t\t\t\t\t<\/a>\n\t\t\t\t\t\t\t\t<\/div>\n\t\t<\/div>\n\t\t<\/div>\n\t\t<\/div>\n\t\t\t\t\t\t<\/div>\n\t\t\t\t<\/div>\n\t\t\t\t\t<\/div>\n\t\t<\/div>\n\t\t\t\t<div class=\"has_eae_slider elementor-column elementor-col-20 elementor-top-column elementor-element elementor-element-5b41f99\" data-eae-slider=\"33816\" data-id=\"5b41f99\" data-element_type=\"column\">\n\t\t\t<div class=\"elementor-widget-wrap elementor-element-populated\">\n\t\t\t\t\t\t<div class=\"elementor-element elementor-element-4054c71 elementor-flip-box--direction-right elementor-flip-box--effect-flip elementor-widget elementor-widget-flip-box\" data-id=\"4054c71\" data-element_type=\"widget\" data-widget_type=\"flip-box.default\">\n\t\t\t\t<div class=\"elementor-widget-container\">\n\t\t\t\t\t\t\t<div class=\"elementor-flip-box\">\n\t\t\t<div class=\"elementor-flip-box__layer elementor-flip-box__front\">\n\t\t\t\t<div class=\"elementor-flip-box__layer__overlay\">\n\t\t\t\t\t<div class=\"elementor-flip-box__layer__inner\">\n\t\t\t\t\t\t\n\t\t\t\t\t\t\t\t\t\t\t\t\t<h3 class=\"elementor-flip-box__layer__title\">\n\t\t\t\t\t\t\t\tConsultor\u00eda de gesti\u00f3n\t\t\t\t\t\t\t<\/h3>\n\t\t\t\t\t\t\n\t\t\t\t\t\t\t\t\t\t\t<\/div>\n\t\t\t\t<\/div>\n\t\t\t<\/div>\n\t\t\t<div class=\"elementor-flip-box__layer elementor-flip-box__back\">\n\t\t\t<div class=\"elementor-flip-box__layer__overlay\">\n\t\t\t\t<div class=\"elementor-flip-box__layer__inner\">\n\t\t\t\t\t\n\t\t\t\t\t\t\t\t\t\t\t<div class=\"elementor-flip-box__layer__description\">\n\t\t\t\t\t\t\tEn consultor\u00eda de gesti\u00f3n, proporcionamos a los clientes, de forma subcontratada, servicios profesionales dedicados y proactivos.\t\t\t\t\t\t<\/div>\n\t\t\t\t\t\n\t\t\t\t\t\t\t\t\t\t\t<a class=\"elementor-flip-box__button elementor-button elementor-size-xs\" href=\"https:\/\/www.vfconsultinggroup.com\/es\/consultoria-y-gestion\/\">\n\t\t\t\t\t\t\tVer m\u00e1s\t\t\t\t\t\t<\/a>\n\t\t\t\t\t\t\t\t<\/div>\n\t\t<\/div>\n\t\t<\/div>\n\t\t<\/div>\n\t\t\t\t\t\t<\/div>\n\t\t\t\t<\/div>\n\t\t\t\t\t<\/div>\n\t\t<\/div>\n\t\t\t\t<div class=\"has_eae_slider elementor-column elementor-col-20 elementor-top-column elementor-element elementor-element-4654a6e\" data-eae-slider=\"80392\" data-id=\"4654a6e\" data-element_type=\"column\">\n\t\t\t<div class=\"elementor-widget-wrap elementor-element-populated\">\n\t\t\t\t\t\t<div class=\"elementor-element elementor-element-0de4da1 elementor-flip-box--direction-right elementor-flip-box--effect-flip elementor-widget elementor-widget-flip-box\" data-id=\"0de4da1\" data-element_type=\"widget\" data-widget_type=\"flip-box.default\">\n\t\t\t\t<div class=\"elementor-widget-container\">\n\t\t\t\t\t\t\t<div class=\"elementor-flip-box\">\n\t\t\t<div class=\"elementor-flip-box__layer elementor-flip-box__front\">\n\t\t\t\t<div class=\"elementor-flip-box__layer__overlay\">\n\t\t\t\t\t<div class=\"elementor-flip-box__layer__inner\">\n\t\t\t\t\t\t\n\t\t\t\t\t\t\t\t\t\t\t\t\t<h3 class=\"elementor-flip-box__layer__title\">\n\t\t\t\t\t\t\t\tPropiedad administrativa\t\t\t\t\t\t\t<\/h3>\n\t\t\t\t\t\t\n\t\t\t\t\t\t\t\t\t\t\t<\/div>\n\t\t\t\t<\/div>\n\t\t\t<\/div>\n\t\t\t<div class=\"elementor-flip-box__layer elementor-flip-box__back\">\n\t\t\t<div class=\"elementor-flip-box__layer__overlay\">\n\t\t\t\t<div class=\"elementor-flip-box__layer__inner\">\n\t\t\t\t\t\n\t\t\t\t\t\t\t\t\t\t\t<div class=\"elementor-flip-box__layer__description\">\n\t\t\t\t\t\t\tNos encargamos de la gesti\u00f3n administrativa de su propiedad. Apostamos por una mayor rentabilidad de los mismos, mediante una mejor rentabilidad y el mejor entorno fiscal.\t\t\t\t\t\t<\/div>\n\t\t\t\t\t\n\t\t\t\t\t\t\t\t\t\t\t<a class=\"elementor-flip-box__button elementor-button elementor-size-xs\" href=\"https:\/\/www.vfconsultinggroup.com\/es\/propiedad-administrativa\/\">\n\t\t\t\t\t\t\tVer m\u00e1s\t\t\t\t\t\t<\/a>\n\t\t\t\t\t\t\t\t<\/div>\n\t\t<\/div>\n\t\t<\/div>\n\t\t<\/div>\n\t\t\t\t\t\t<\/div>\n\t\t\t\t<\/div>\n\t\t\t\t\t<\/div>\n\t\t<\/div>\n\t\t\t\t<div class=\"has_eae_slider elementor-column elementor-col-20 elementor-top-column elementor-element elementor-element-e357254\" data-eae-slider=\"64114\" data-id=\"e357254\" data-element_type=\"column\">\n\t\t\t<div class=\"elementor-widget-wrap elementor-element-populated\">\n\t\t\t\t\t\t<div class=\"elementor-element elementor-element-0068bd4 elementor-flip-box--direction-right elementor-flip-box--effect-flip elementor-widget elementor-widget-flip-box\" data-id=\"0068bd4\" data-element_type=\"widget\" data-widget_type=\"flip-box.default\">\n\t\t\t\t<div class=\"elementor-widget-container\">\n\t\t\t\t\t\t\t<div class=\"elementor-flip-box\">\n\t\t\t<div class=\"elementor-flip-box__layer elementor-flip-box__front\">\n\t\t\t\t<div class=\"elementor-flip-box__layer__overlay\">\n\t\t\t\t\t<div class=\"elementor-flip-box__layer__inner\">\n\t\t\t\t\t\t\n\t\t\t\t\t\t\t\t\t\t\t\t\t<h3 class=\"elementor-flip-box__layer__title\">\n\t\t\t\t\t\t\t\tMarketing Digital\t\t\t\t\t\t\t<\/h3>\n\t\t\t\t\t\t\n\t\t\t\t\t\t\t\t\t\t\t<\/div>\n\t\t\t\t<\/div>\n\t\t\t<\/div>\n\t\t\t<div class=\"elementor-flip-box__layer elementor-flip-box__back\">\n\t\t\t<div class=\"elementor-flip-box__layer__overlay\">\n\t\t\t\t<div class=\"elementor-flip-box__layer__inner\">\n\t\t\t\t\t\n\t\t\t\t\t\t\t\t\t\t\t<div class=\"elementor-flip-box__layer__description\">\n\t\t\t\t\t\t\tDesarrollamos soluciones inform\u00e1ticas a la imagen de su empresa, con un dise\u00f1o personalizado, para maximizar la difusi\u00f3n de sus productos y servicios. \t\t\t\t\t\t<\/div>\n\t\t\t\t\t\n\t\t\t\t\t\t\t\t\t\t\t<a class=\"elementor-flip-box__button elementor-button elementor-size-xs\" href=\"https:\/\/www.vfconsultinggroup.com\/markting_digital\/\">\n\t\t\t\t\t\t\tVer m\u00e1s\t\t\t\t\t\t<\/a>\n\t\t\t\t\t\t\t\t<\/div>\n\t\t<\/div>\n\t\t<\/div>\n\t\t<\/div>\n\t\t\t\t\t\t<\/div>\n\t\t\t\t<\/div>\n\t\t\t\t\t<\/div>\n\t\t<\/div>\n\t\t\t\t<div class=\"has_eae_slider elementor-column elementor-col-20 elementor-top-column elementor-element elementor-element-760a04d\" data-eae-slider=\"68061\" data-id=\"760a04d\" data-element_type=\"column\">\n\t\t\t<div class=\"elementor-widget-wrap elementor-element-populated\">\n\t\t\t\t\t\t<div class=\"elementor-element elementor-element-845d8e8 elementor-flip-box--direction-right elementor-flip-box--effect-flip elementor-widget elementor-widget-flip-box\" data-id=\"845d8e8\" data-element_type=\"widget\" data-widget_type=\"flip-box.default\">\n\t\t\t\t<div class=\"elementor-widget-container\">\n\t\t\t\t\t\t\t<div class=\"elementor-flip-box\">\n\t\t\t<div class=\"elementor-flip-box__layer elementor-flip-box__front\">\n\t\t\t\t<div class=\"elementor-flip-box__layer__overlay\">\n\t\t\t\t\t<div class=\"elementor-flip-box__layer__inner\">\n\t\t\t\t\t\t\n\t\t\t\t\t\t\t\t\t\t\t\t\t<h3 class=\"elementor-flip-box__layer__title\">\n\t\t\t\t\t\t\t\tElaboraci\u00f3n Aplicaciones Fondos comunitarios\t\t\t\t\t\t\t<\/h3>\n\t\t\t\t\t\t\n\t\t\t\t\t\t\t\t\t\t\t<\/div>\n\t\t\t\t<\/div>\n\t\t\t<\/div>\n\t\t\t<div class=\"elementor-flip-box__layer elementor-flip-box__back\">\n\t\t\t<div class=\"elementor-flip-box__layer__overlay\">\n\t\t\t\t<div class=\"elementor-flip-box__layer__inner\">\n\t\t\t\t\t\n\t\t\t\t\t\t\t\t\t\t\t<div class=\"elementor-flip-box__layer__description\">\n\t\t\t\t\t\t\tApoyamos la preparaci\u00f3n de solicitudes y su seguimiento de fondos comunitarios y otros sistemas de incentivos.\t\t\t\t\t\t<\/div>\n\t\t\t\t\t\n\t\t\t\t\t\t\t\t\t\t\t<a class=\"elementor-flip-box__button elementor-button elementor-size-xs\" href=\"https:\/\/www.vfconsultinggroup.com\/es\/fondos-comunitarios\/\">\n\t\t\t\t\t\t\tVer m\u00e1s\t\t\t\t\t\t<\/a>\n\t\t\t\t\t\t\t\t<\/div>\n\t\t<\/div>\n\t\t<\/div>\n\t\t<\/div>\n\t\t\t\t\t\t<\/div>\n\t\t\t\t<\/div>\n\t\t\t\t\t<\/div>\n\t\t<\/div>\n\t\t\t\t\t<\/div>\n\t\t<\/section>\n\t\t\t\t<\/div>\n\t\t","protected":false},"excerpt":{"rendered":"<p>An\u00e1lisis de inversiones Trabajamos en alianza con nuestros clientes para el \u00e9xito mutuo, con el objetivo de maximizar la rentabilidad de los negocios y operaciones realizadas. Ver m\u00e1s Consultor\u00eda de gesti\u00f3n En consultor\u00eda de gesti\u00f3n, proporcionamos a los clientes, de [&hellip;]<\/p>\n","protected":false},"author":1,"featured_media":0,"parent":0,"menu_order":3,"comment_status":"closed","ping_status":"closed","template":"","meta":{"footnotes":""},"class_list":["post-6957","page","type-page","status-publish","hentry"],"_links":{"self":[{"href":"https:\/\/www.vfconsultinggroup.com\/es\/wp-json\/wp\/v2\/pages\/6957","targetHints":{"allow":["GET"]}}],"collection":[{"href":"https:\/\/www.vfconsultinggroup.com\/es\/wp-json\/wp\/v2\/pages"}],"about":[{"href":"https:\/\/www.vfconsultinggroup.com\/es\/wp-json\/wp\/v2\/types\/page"}],"author":[{"embeddable":true,"href":"https:\/\/www.vfconsultinggroup.com\/es\/wp-json\/wp\/v2\/users\/1"}],"replies":[{"embeddable":true,"href":"https:\/\/www.vfconsultinggroup.com\/es\/wp-json\/wp\/v2\/comments?post=6957"}],"version-history":[{"count":9,"href":"https:\/\/www.vfconsultinggroup.com\/es\/wp-json\/wp\/v2\/pages\/6957\/revisions"}],"predecessor-version":[{"id":8410,"href":"https:\/\/www.vfconsultinggroup.com\/es\/wp-json\/wp\/v2\/pages\/6957\/revisions\/8410"}],"wp:attachment":[{"href":"https:\/\/www.vfconsultinggroup.com\/es\/wp-json\/wp\/v2\/media?parent=6957"}],"curies":[{"name":"wp","href":"https:\/\/api.w.org\/{rel}","templated":true}]}}