{"id":6927,"date":"2020-11-28T14:44:39","date_gmt":"2020-11-28T14:44:39","guid":{"rendered":"https:\/\/www.vfconsultinggroup.com\/vmd\/"},"modified":"2020-11-30T16:07:28","modified_gmt":"2020-11-30T16:07:28","slug":"vmd","status":"publish","type":"page","link":"https:\/\/www.vfconsultinggroup.com\/es\/vmd\/","title":{"rendered":"VMd"},"content":{"rendered":"\t\t<div data-elementor-type=\"wp-page\" data-elementor-id=\"6927\" class=\"elementor elementor-6927 elementor-5720\">\n\t\t\t\t\t\t<section class=\"has_eae_slider elementor-section elementor-top-section elementor-element elementor-element-147a3ac1 eltdf-content-aligment-center elementor-section-boxed elementor-section-height-default elementor-section-height-default eltdf-parallax-row-no eltdf-elementor-row-grid-no eltdf-disabled-bg-image-bellow-no\" data-eae-slider=\"48072\" data-id=\"147a3ac1\" data-element_type=\"section\">\n\t\t\t\t\t\t<div class=\"elementor-container elementor-column-gap-default\">\n\t\t\t\t\t<div class=\"has_eae_slider elementor-column elementor-col-100 elementor-top-column elementor-element elementor-element-1fb27cc\" data-eae-slider=\"93569\" data-id=\"1fb27cc\" data-element_type=\"column\">\n\t\t\t<div class=\"elementor-widget-wrap elementor-element-populated\">\n\t\t\t\t\t\t<div class=\"elementor-element elementor-element-394b6b20 elementor-widget-tablet__width-auto elementor-fixed elementor-widget elementor-widget-image\" data-id=\"394b6b20\" data-element_type=\"widget\" data-settings=\"{&quot;_position&quot;:&quot;fixed&quot;}\" data-widget_type=\"image.default\">\n\t\t\t\t\t\t\t\t\t\t\t\t\t\t\t<img fetchpriority=\"high\" decoding=\"async\" width=\"95\" height=\"576\" src=\"https:\/\/www.vfconsultinggroup.com\/wp-content\/uploads\/2020\/07\/logotipo-white-vert.png\" class=\"attachment-2048x2048 size-2048x2048 wp-image-4871\" alt=\"\" \/>\t\t\t\t\t\t\t\t\t\t\t\t\t\t\t<\/div>\n\t\t\t\t\t<\/div>\n\t\t<\/div>\n\t\t\t\t\t<\/div>\n\t\t<\/section>\n\t\t<div class=\"eltdf-elementor-row-with-pattern\"><div class=\"eltdf-svg-pattern-holder eltdf-pattern-position-right\" style=\"right: -10%;transform: translateY(30%)\"><svg version=\"1.1\" id=\"Layer_1\" xmlns=\"http:\/\/www.w3.org\/2000\/svg\" xmlns:xlink=\"http:\/\/www.w3.org\/1999\/xlink\" x=\"0px\" y=\"0px\"\n\t width=\"350px\" height=\"350px\" viewBox=\"0 0 303.083 305.563\" enable-background=\"new 0 0 303.083 305.563\"\n\t xml:space=\"preserve\">\n<path fill=\"none\" stroke=\"red\" stroke-width=\"1.4\" stroke-miterlimit=\"10\" d=\"M36.927,251.827L1.428,190.62L72.426,67.954\n\tL53.591,35.415 M36.927,251.827l35.499-61.207L12.86,87.705 M107.925,6.621l35.499,61.333L72.426,190.62l65.733,113.572\n\t M85.728,290.305l57.696-99.685L72.426,67.954l35.47-61.282 M176.85,3.041l37.572,64.913L143.424,190.62l60.398,104.352\n\t M148.419,304.655l66.003-114.035L143.424,67.954L180.614,3.7 M281.166,75.306L214.422,190.62l41.37,71.478 M233.9,279.635\n\tl51.521-89.015L214.422,67.954l23.047-39.817 M302.023,161.937L285.42,190.62l7.581,13.098 M96.143,10.63v16.348 M60.644,88.311\n\tV70.871L44.853,43.219 M25.145,149.644v-17.439L7.325,101 M60.644,210.977v-17.439l-23.712-41.521L13.21,193.594v17.383\n\t M96.143,272.31V254.87l-23.712-41.521l-23.722,41.578v10.798 M123.73,302.348l-15.8-27.666L96.429,294.84 M192.572,298.572\n\tl-13.644-23.891l-16.852,29.537 M167.102,272.31V254.87l-23.712-41.521l-23.722,41.578v17.383 M238.139,272.31V254.87\n\tl-23.712-41.521l-23.722,41.578v17.383 M287.81,217.524l-2.385-4.176l-23.722,41.578v1.114 M131.642,210.977v-17.439l-23.712-41.521\n\tl-23.722,41.578v17.383 M202.64,210.977v-17.439l-23.712-41.521l-23.722,41.578v17.383 M273.638,210.977v-17.439l-23.712-41.521\n\tl-23.722,41.578v17.383 M96.143,149.644v-17.439L72.431,90.683l-23.722,41.578v17.383 M167.102,149.644v-17.439L143.39,90.683\n\tl-23.722,41.578v17.383 M238.139,149.644v-17.439l-23.712-41.521l-23.722,41.578v17.383 M295.99,109.182l-10.564-18.499\n\tl-23.722,41.578v17.383 M131.642,88.311V70.871L107.93,29.35L84.208,70.928v17.383 M202.64,88.311V70.871L178.928,29.35\n\tl-23.722,41.578v17.383 M273.638,88.311V70.871l-12.967-22.705 M246.644,35.104l-20.439,35.824v17.383 M167.141,26.978V9.538\n\tl-4.791-8.391 M123.446,3.043l-3.738,6.552v17.383 M192.453,6.533l-1.747,3.062v17.383 M84.248,15.75v31.78 M60.605,47.53V29.963\n\t M48.749,108.863V73.93L36.929,53.236L25.106,73.959v34.904 M13.25,170.196v-34.934L2.607,116.629 M48.749,231.529v-34.934\n\tl-11.819-20.693l-11.823,20.723v34.904 M84.248,289.6v-31.671l-11.819-20.693l-11.823,20.723v17.433 M180.675,301.633l-1.75-3.064\n\tl-2.172,3.805 M155.246,292.862v-34.934l-11.819-20.693l-11.823,20.723v34.904 M226.244,284.372v-26.443l-11.819-20.693\n\tl-11.823,20.723v34.904 M119.747,231.529v-34.934l-11.819-20.693l-11.823,20.723v34.904 M190.745,231.529v-34.934l-11.819-20.693\n\tl-11.823,20.723v34.904 M261.743,231.529v-34.934l-11.819-20.693L238.1,196.625v34.904 M84.248,170.196v-34.934l-11.819-20.693\n\tl-11.823,20.723v34.904 M155.207,170.196v-34.934l-11.819-20.693l-11.823,20.723v34.904 M226.244,170.196v-34.934l-11.819-20.693\n\tl-11.823,20.723v34.904 M297.242,170.196v-34.934l-11.819-20.693l-11.823,20.723v34.904 M119.747,108.863V73.93l-11.819-20.693\n\tL96.104,73.959v34.904 M190.745,108.863V73.93l-11.819-20.693l-11.823,20.723v34.904 M261.743,108.863V73.93l-11.819-20.693\n\tL238.1,73.959v34.904 M155.246,47.53V12.597L148.445,0.69 M138.147,1.156l-6.544,11.47V47.53 M226.244,20.976V47.53 M203.878,10.387\n\tl-1.277,2.239V47.53 M72.426,22.118v45.836 M36.927,73.112v56.051 M1.428,134.444v56.051 M36.927,195.776v56.051 M72.426,257.104\n\tv26.128 M143.424,257.104v47.4 M214.422,257.104v33.414 M107.925,195.776v56.051 M178.923,195.776v56.051 M249.921,195.776v56.051\n\t M72.426,134.444v56.051 M143.424,134.444v56.051 M214.422,134.444v56.051 M285.42,134.444v56.051 M107.925,73.112v56.051\n\t M178.923,73.112v56.051 M249.921,73.112v56.051 M143.424,11.903v56.051 M214.422,14.818v53.136 M137.838,304.162\"\/>\n<\/svg><\/div>\t\t<section class=\"has_eae_slider elementor-section elementor-top-section elementor-element elementor-element-52c273e eltdf-elementor-row-grid-section elementor-section-stretched elementor-section-height-min-height elementor-section-content-top elementor-section-boxed elementor-section-height-default elementor-section-items-middle eltdf-parallax-row-no eltdf-content-aligment-left eltdf-disabled-bg-image-bellow-no\" data-eae-slider=\"57096\" data-id=\"52c273e\" data-element_type=\"section\" data-settings=\"{&quot;stretch_section&quot;:&quot;section-stretched&quot;,&quot;background_background&quot;:&quot;classic&quot;}\">\n\t\t\t\t\t\t\t<div class=\"elementor-background-overlay\"><\/div>\n\t\t\t\t\t\t\t<div class=\"elementor-container elementor-column-gap-default\">\n\t\t\t\t\t<div class=\"has_eae_slider elementor-column elementor-col-100 elementor-top-column elementor-element elementor-element-788cf863\" data-eae-slider=\"75733\" data-id=\"788cf863\" data-element_type=\"column\">\n\t\t\t<div class=\"elementor-widget-wrap elementor-element-populated\">\n\t\t\t\t\t\t<section class=\"has_eae_slider elementor-section elementor-inner-section elementor-element elementor-element-11874dde elementor-section-full_width elementor-section-content-middle elementor-section-height-default elementor-section-height-default eltdf-parallax-row-no eltdf-content-aligment-left eltdf-elementor-row-grid-no eltdf-disabled-bg-image-bellow-no\" data-eae-slider=\"93751\" data-id=\"11874dde\" data-element_type=\"section\">\n\t\t\t\t\t\t<div class=\"elementor-container elementor-column-gap-default\">\n\t\t\t\t\t<div class=\"has_eae_slider elementor-column elementor-col-100 elementor-inner-column elementor-element elementor-element-61658bc5\" data-eae-slider=\"72565\" data-id=\"61658bc5\" data-element_type=\"column\">\n\t\t\t<div class=\"elementor-widget-wrap elementor-element-populated\">\n\t\t\t\t\t\t<div class=\"elementor-element elementor-element-30922e3b elementor-widget elementor-widget-text-editor\" data-id=\"30922e3b\" data-element_type=\"widget\" data-widget_type=\"text-editor.default\">\n\t\t\t\t\t\t\t\t\t<p>Para nosotros, la formaci\u00f3n tiene valor para las empresas si se transfieren conocimientos y se aplican al desempe\u00f1o profesional. Para que la transferencia de la formaci\u00f3n sea eficaz, los conocimientos adquiridos deber\u00e1n generalizarse al contexto laboral y mantenerse durante un tiempo, una vez finalizado.<\/p>\n<p>En las empresas apostamos por el conocimiento en el contexto de su aplicaci\u00f3n, en las operaciones, en los procesos de innovaci\u00f3n y mejora organizacional continua. El conocimiento se ve como informaci\u00f3n utilizada en una perspectiva productiva.<\/p>\n<p>Para VFCONSULTINGGROUP, lidiar con el conocimiento es lidiar con problemas y sus (re) soluciones. Para nosotros, la formaci\u00f3n profesional tiene como finalidad consolidar lo existente, monitorizar y facilitar los cambios, y prepararse para el futuro, asumiendo una forma de actuaci\u00f3n m\u00e1s activa que reactiva, haciendo que las empresas se den cuenta de que es un activo formar a sus empleados, a que est\u00e1n preparados para situaciones futuras y les permiten cambiar y resolver problemas espec\u00edficos.<\/p>\n<p>Invertimos en la diferenciaci\u00f3n a trav\u00e9s de elecciones adecuadas, alianzas estrat\u00e9gicas y la opci\u00f3n por las \u00e1reas de intervenci\u00f3n m\u00e1s importantes de la econom\u00eda vinculadas a las tecnolog\u00edas de la informaci\u00f3n.<\/p>\n<p>Con el fin de satisfacer las necesidades de las empresas y las necesidades de los empleados, en cuanto a sus objetivos de desarrollo profesional, hemos optado por diferentes tipos de formaci\u00f3n para combinar mejor la formaci\u00f3n con el trabajo. El plan de formaci\u00f3n se desarrolla en conjunto y se elabora seg\u00fan la estrategia del cliente, facilitando la consecuci\u00f3n de los objetivos.<\/p>\n\t\t\t\t\t\t\t\t<\/div>\n\t\t\t\t\t<\/div>\n\t\t<\/div>\n\t\t\t\t\t<\/div>\n\t\t<\/section>\n\t\t\t\t\t<\/div>\n\t\t<\/div>\n\t\t\t\t\t<\/div>\n\t\t<\/section>\n\t\t<\/div>\t\t<section class=\"has_eae_slider elementor-section elementor-top-section elementor-element elementor-element-90acf99 elementor-section-boxed elementor-section-height-default elementor-section-height-default eltdf-parallax-row-no eltdf-content-aligment-left eltdf-elementor-row-grid-no eltdf-disabled-bg-image-bellow-no\" data-eae-slider=\"56758\" data-id=\"90acf99\" data-element_type=\"section\">\n\t\t\t\t\t\t<div class=\"elementor-container elementor-column-gap-default\">\n\t\t\t\t\t<div class=\"has_eae_slider elementor-column elementor-col-100 elementor-top-column elementor-element elementor-element-9058060\" data-eae-slider=\"94975\" data-id=\"9058060\" data-element_type=\"column\">\n\t\t\t<div class=\"elementor-widget-wrap elementor-element-populated\">\n\t\t\t\t\t\t<div class=\"elementor-element elementor-element-20b9064 elementor-widget__width-auto elementor-widget elementor-widget-eltdf_button\" data-id=\"20b9064\" data-element_type=\"widget\" data-widget_type=\"eltdf_button.default\">\n\t\t\t\t<div class=\"elementor-widget-container\">\n\t\t\t\t\t<a itemprop=\"url\" href=\"https:\/\/www.vfconsultinggroup.com\/es\/\" target=\"_self\"  class=\"eltdf-btn eltdf-btn-medium eltdf-btn-outline\"  >\n        <span class=\"eltdf-btn-text\">volver<\/span>\n    <i class=\"eltdf-icon-dripicons dripicon  \" ><\/i>    <\/a>\t\t\t\t<\/div>\n\t\t\t\t<\/div>\n\t\t\t\t\t<\/div>\n\t\t<\/div>\n\t\t\t\t\t<\/div>\n\t\t<\/section>\n\t\t\t\t<\/div>\n\t\t","protected":false},"excerpt":{"rendered":"<p>Para nosotros, la formaci\u00f3n tiene valor para las empresas si se transfieren conocimientos y se aplican al desempe\u00f1o profesional. Para que la transferencia de la formaci\u00f3n sea eficaz, los conocimientos adquiridos deber\u00e1n generalizarse al contexto laboral y mantenerse durante un [&hellip;]<\/p>\n","protected":false},"author":1,"featured_media":0,"parent":0,"menu_order":2,"comment_status":"closed","ping_status":"closed","template":"","meta":{"footnotes":""},"class_list":["post-6927","page","type-page","status-publish","hentry"],"_links":{"self":[{"href":"https:\/\/www.vfconsultinggroup.com\/es\/wp-json\/wp\/v2\/pages\/6927","targetHints":{"allow":["GET"]}}],"collection":[{"href":"https:\/\/www.vfconsultinggroup.com\/es\/wp-json\/wp\/v2\/pages"}],"about":[{"href":"https:\/\/www.vfconsultinggroup.com\/es\/wp-json\/wp\/v2\/types\/page"}],"author":[{"embeddable":true,"href":"https:\/\/www.vfconsultinggroup.com\/es\/wp-json\/wp\/v2\/users\/1"}],"replies":[{"embeddable":true,"href":"https:\/\/www.vfconsultinggroup.com\/es\/wp-json\/wp\/v2\/comments?post=6927"}],"version-history":[{"count":9,"href":"https:\/\/www.vfconsultinggroup.com\/es\/wp-json\/wp\/v2\/pages\/6927\/revisions"}],"predecessor-version":[{"id":7249,"href":"https:\/\/www.vfconsultinggroup.com\/es\/wp-json\/wp\/v2\/pages\/6927\/revisions\/7249"}],"wp:attachment":[{"href":"https:\/\/www.vfconsultinggroup.com\/es\/wp-json\/wp\/v2\/media?parent=6927"}],"curies":[{"name":"wp","href":"https:\/\/api.w.org\/{rel}","templated":true}]}}