{"id":6967,"date":"2020-11-29T14:06:39","date_gmt":"2020-11-29T14:06:39","guid":{"rendered":"https:\/\/www.vfconsultinggroup.com\/privacy-policy\/"},"modified":"2020-11-29T14:25:22","modified_gmt":"2020-11-29T14:25:22","slug":"privacy-policy","status":"publish","type":"page","link":"https:\/\/www.vfconsultinggroup.com\/en\/privacy-policy\/","title":{"rendered":"Privacy policy"},"content":{"rendered":"\t\t<div data-elementor-type=\"wp-page\" data-elementor-id=\"6967\" class=\"elementor elementor-6967 elementor-3\">\n\t\t\t\t\t\t<section class=\"has_eae_slider elementor-section elementor-top-section elementor-element elementor-element-3d7f087 elementor-section-boxed elementor-section-height-default elementor-section-height-default eltdf-parallax-row-no eltdf-content-aligment-left eltdf-elementor-row-grid-no eltdf-disabled-bg-image-bellow-no\" data-eae-slider=\"69526\" data-id=\"3d7f087\" data-element_type=\"section\">\n\t\t\t\t\t\t<div class=\"elementor-container elementor-column-gap-default\">\n\t\t\t\t\t<div class=\"has_eae_slider elementor-column elementor-col-100 elementor-top-column elementor-element elementor-element-57eeedc0\" data-eae-slider=\"33568\" data-id=\"57eeedc0\" data-element_type=\"column\">\n\t\t\t<div class=\"elementor-widget-wrap elementor-element-populated\">\n\t\t\t\t\t\t<div class=\"elementor-element elementor-element-26c9921c elementor-widget elementor-widget-text-editor\" data-id=\"26c9921c\" data-element_type=\"widget\" data-widget_type=\"text-editor.default\">\n\t\t\t\t\t\t\t\t\t<p><strong>VFCONSULTINGGROUP<\/strong><strong>privacy policy<\/strong><\/p>\n<\/p>\n<p><strong><u>1. Privacy Statement and Treatment of Personal Data<\/u><\/strong><\/p>\n<p>At <strong>VFCONSULTINGGROUP<\/strong>we understand that the use of your personal data requires your trust. We will only use your personal data for clearly identified purposes and in accordance with your data protection rights.<\/p>\n<p>The confidentiality and integrity of your personal data is one of our main concerns. This <u>Privacy Policy<\/u> sets out how <strong>Worm, Gest\u00e3o e Consultoria, S.U. Lda EfficientProject Lda and Vitor Fino Consultores Lda<\/strong>, companies that operate under the <strong>VFCONSULTINGGROUP<\/strong>brand use the personal data of their clients and \/ or their potential clients.<\/p>\n<p>Users are given the possibility to browse most of the <strong>VFCONSULTINGGROUP<\/strong>website without having to provide personal information. However, sometimes, information is needed to provide services requested by users and Customers.<\/p>\n<p>This Privacy Statement and Treatment of Personal Data helps you to understand how we collect, use and protect your personal data when you visit our Web or Wap sites and when, generally, you use or our and services.<\/p>\n<p>By making its personal data available to <strong>VFCONSULTINGGROUP<\/strong>, the Client acknowledges and consents that it be processed in accordance with this Privacy Statement and Treatment of Personal Data and with the rules and principles contained in the respective terms and conditions of the services used. To this extent and with regard to the processing of personal data, the Client should read this Statement. If we intend to make any changes to this Statement, we will post those changes on this page so that you can consult the type of information we collect and how we use it.<\/p>\n<p><strong><u>2.Definitions<\/u><\/strong><\/p>\n<p><strong><u>2.1-What is personal data?<\/u><\/strong><\/p>\n<p>Personal data means any information, of any nature and regardless of its support, including sound and image, relating to an identified or identifiable natural person (data holder). An identifiable person is a person who can be identified directly or indirectly, namely by reference to an identification number or to more specific elements of his physical, physiological, psychological, economic, cultural or social identity.<\/p>\n<p><strong><u>3. Data Collection<\/u><\/strong><\/p>\n<p><strong><u><\/u>3.1-What data is collected and generated by the <strong><u>VFCONSULTINGGROUP<\/u><\/strong>network or systems?<\/strong> <\/p>\n<p>Usually, the personal data collected by <strong>VFCONSULTINGGROUP<\/strong>is limited to the name, address, telephone number or email, but other data necessary for the provision of services may be collected.<\/p>\n<p>Data related to the provision of services are also generated, such as traffic and location data. These data are processed automatically, in compliance with the applicable legislation and the conditions defined by the National Data Protection Commission (\u201cCNPD\u201d).<\/p>\n<p><strong><u>3.2-When are personal data collected and generated? <\/u><\/strong><\/p>\n<p>In general, personal data is requested when: <\/p>\n<ul>\n<li>If you fill in your personal data and submit the Consent Form on this Home Page.<\/li>\n<li>If the Customer subscribes to one of our services.<\/li>\n<\/ul>\n<p><strong>VFCONSULTINGGROUP<\/strong>respects your right to privacy and does not collect any personal information about you without your prior consent.<\/p>\n<p>Some of the personal data is mandatory to provide the service. <strong>VFCONSULTINGGROUP<\/strong>will inform of this obligation and in the event of a lack thereof, or incorrect supply of the required data, <strong>VFCONSULTINGGROUP<\/strong>will not be able to provide the contracted service. The provision of incorrect or inaccurate data is your sole responsibility.<\/p>\n<p><strong><u>3.3-What is the purpose of collecting personal data?<\/u><\/strong><\/p>\n<p>As a rule, the personal data collected from Customers is intended for the provision and billing of Services, for the management and evaluation of the contractual relationship with the Customer, for the adaptation of services to the needs and interests of the Customer, for the payment of interconnection services, information, marketing or telemarketing actions of <strong>VFCONSULTINGGROUP<\/strong>, and the companies that act on your brand, already identified, at the beginning.<\/p>\n<p>Your personal data will also be processed to answer your questions, suggestions or complaints.<\/p>\n<p><strong><u>3.4-Subcontractors, Communication and Transfer of Personal Data<\/u><\/strong><\/p>\n<p>Personal data, including traffic data, databases, service platforms and other operations, will only be used, under the legally defined terms and conditions, to be hosted, shared and communicated to the companies of the <strong>VFCONSULTINGGROUP<\/strong>Group.<\/p>\n<p>Os dados pessoais poder\u00e3o, ainda, ser disponibilizados aos tribunais e \u00e0s demais autoridades competentes, no estrito cumprimento do disposto na lei, designadamente quando se revelem necess\u00e1rios para a resolu\u00e7\u00e3o de lit\u00edgios relativos \u00e0 fatura\u00e7\u00e3o e para atividades relativas \u00e0 prote\u00e7\u00e3o da seguran\u00e7a p\u00fablica, da defesa e seguran\u00e7a do Estado e \u00e0 preven\u00e7\u00e3o, investiga\u00e7\u00e3o ou dete\u00e7\u00e3o de il\u00edcitos criminais.<\/p>\n<p><strong>VFCONSULTINGGROUP<\/strong> may also use subcontractors for all or part of the purposes identified above, as well as for the maintenance, accommodation and management of its computer systems and equipment, under the terms permitted by the legislation that regulates the processing of personal data, these entities being obliged to keep confidentiality and to guarantee security in relation to the data of the <strong>VFCONSULTINGGROUP<\/strong>to which, for this purpose, they have access, and they should not use this data for any other purposes, or for their own benefit, nor relate it to other data they have.<\/p>\n<p>In situations where Customer data is transferred or hosted in other companies of the <strong>VFCONSULTINGGROUP<\/strong>Group, the levels of security and protection will not be lower than those provided by <strong>VFCONSULTINGGROUP<\/strong>.<\/p>\n<p><strong><u>3.5-What is the period of retention of personal data?<\/u><\/strong><\/p>\n<p>Your personal data is kept only for as long as necessary for the provision of the service or product, or for the fulfillment of legal obligations.<\/p>\n<p><strong><u>3.6-Marketing and Telemarketing<\/u><\/strong><\/p>\n<p>To inform the Customer about new products and services, <strong>VFCONSULTINGGROUP<\/strong>can use the following methods: Mail or fax, insertion of information in the respective service invoice, telephone, email, SMS, MMS or any other electronic communications service, unless the Customer has opposed it.<\/p>\n<p>The Client can refuse his consent at any time, simply by sending his request to:<\/p>\n<p> <strong>VFCONSULTINGGROUP<\/strong>, A \/ C Responsible for Privacy Rua \u00c1lvaro Castel\u00f5es n\u00ba 821 &#8211; 3.\u00ba sala 3, 4450-043 Matosinhos, to the email address: <strong>Qualidade@vfconsultinggroup.com<\/strong><\/p>\n<p> <\/p>\n<p><strong>4-Customer Rights<\/strong><\/p>\n<p><strong><u>4.1-Right of access, correction, opposition and deletion of personal data<\/u><\/strong><\/p>\n<p>Under the terms of the applicable legislation, the Client is guaranteed the right of access to the data that directly concern him, being able to request its correction or amendment, by contacting <strong>VFCONSULTINGGROUP<\/strong>for this purpose.<\/p>\n<p>The Client may, at any time, oppose the treatment of the data, with the exception of those strictly necessary to provide the service, and \/ or require the elimination of its data for marketing or telemarketing purposes or inclusion in lists of subscribers and services for information purposes, and should contact the <strong>VFCONSULTINGGROUP<\/strong>in writing or by e-mail: <strong>qualidade@vfconsultinggroup.com<\/strong><\/p>\n<p><strong><u>4.2-Security of personal data<\/u><\/strong><\/p>\n<p>Ensuring the confidentiality and security of Customer data is a permanent concern of <strong>VFCONSULTINGGROUP<\/strong>. Because it recognizes the sensitivity of this information, <strong>VFCONSULTINGGROUP<\/strong>has developed and disclosed to all its employees Privacy and Data Security Policies.<\/p>\n<p><strong>VFCONSULTINGGROUP<\/strong>also designated a Responsible for the Privacy Privacy Officer, to monitor compliance with these policies and defined clear rules for contracting the processing of personal data with subcontractors.<\/p>\n<p>In order to ensure the permanent awareness of its employees and service providers regarding the rules applicable to data protection, <strong>VFCONSULTINGGROUP<\/strong>periodically develops training actions with these people, having, likewise, developed and published a manual on rules applicable to professional secrecy;<\/p>\n<p>Also the employees of <strong>VFCONSULTINGGROUP<\/strong>, as well as those who provide services, assume the commitment of not disclosing to third parties or using for purposes contrary to the law, any personal information of <strong>VFCONSULTINGGROUP<\/strong>Customers whose knowledge comes from the exercise of their functions.<\/p>\n<p><strong>VFCONSULTINGGROUP<\/strong> undertakes to respect the legislation on the protection of the privacy of Customer data and to treat this data only for the purposes for which it was collected, as well as to ensure that this data is treated with adequate levels of security and confidentiality, pursuant to applicable legislation and conditions set by CNPD.<\/p>\n<p>Despite <strong>VFCONSULTINGGROUP<\/strong> having security measures in place for receiving data over the Internet, we warn that the data circulating on the Internet is not fully protected against possible diversion, with the communication of access passwords, passwords, confidential codes and any sensitive information made under the sole responsibility of the Client.<\/p>\n\t\t\t\t\t\t\t\t<\/div>\n\t\t\t\t\t<\/div>\n\t\t<\/div>\n\t\t\t\t\t<\/div>\n\t\t<\/section>\n\t\t\t\t<\/div>\n\t\t","protected":false},"excerpt":{"rendered":"<p>VFCONSULTINGGROUPprivacy policy 1. Privacy Statement and Treatment of Personal Data At VFCONSULTINGGROUPwe understand that the use of your personal data requires your trust. We will only use your personal data for clearly identified purposes and in accordance with your data [&hellip;]<\/p>\n","protected":false},"author":1,"featured_media":0,"parent":0,"menu_order":0,"comment_status":"closed","ping_status":"closed","template":"","meta":{"footnotes":""},"class_list":["post-6967","page","type-page","status-publish","hentry"],"_links":{"self":[{"href":"https:\/\/www.vfconsultinggroup.com\/en\/wp-json\/wp\/v2\/pages\/6967","targetHints":{"allow":["GET"]}}],"collection":[{"href":"https:\/\/www.vfconsultinggroup.com\/en\/wp-json\/wp\/v2\/pages"}],"about":[{"href":"https:\/\/www.vfconsultinggroup.com\/en\/wp-json\/wp\/v2\/types\/page"}],"author":[{"embeddable":true,"href":"https:\/\/www.vfconsultinggroup.com\/en\/wp-json\/wp\/v2\/users\/1"}],"replies":[{"embeddable":true,"href":"https:\/\/www.vfconsultinggroup.com\/en\/wp-json\/wp\/v2\/comments?post=6967"}],"version-history":[{"count":6,"href":"https:\/\/www.vfconsultinggroup.com\/en\/wp-json\/wp\/v2\/pages\/6967\/revisions"}],"predecessor-version":[{"id":6981,"href":"https:\/\/www.vfconsultinggroup.com\/en\/wp-json\/wp\/v2\/pages\/6967\/revisions\/6981"}],"wp:attachment":[{"href":"https:\/\/www.vfconsultinggroup.com\/en\/wp-json\/wp\/v2\/media?parent=6967"}],"curies":[{"name":"wp","href":"https:\/\/api.w.org\/{rel}","templated":true}]}}